{"id":130,"date":"2026-01-14T10:24:53","date_gmt":"2026-01-14T09:24:53","guid":{"rendered":"https:\/\/by-baroo.de\/?page_id=130"},"modified":"2026-01-14T13:12:55","modified_gmt":"2026-01-14T12:12:55","slug":"home-2","status":"publish","type":"page","link":"https:\/\/by-baroo.de\/?page_id=130","title":{"rendered":"Magazin"},"content":{"rendered":"\t\t<div data-elementor-type=\"wp-page\" data-elementor-id=\"130\" class=\"elementor elementor-130\">\n\t\t\t\t<div class=\"aux-parallax-section elementor-element elementor-element-c01a5f3 e-flex e-con-boxed e-con e-parent\" data-id=\"c01a5f3\" data-element_type=\"container\" data-e-type=\"container\">\n\t\t\t\t\t<div class=\"e-con-inner\">\n\t\t\t\t<div class=\"elementor-element elementor-element-7143a6e elementor-widget elementor-widget-aux_recent_posts_timeline\" data-id=\"7143a6e\" data-element_type=\"widget\" data-e-type=\"widget\" data-widget_type=\"aux_recent_posts_timeline.default\">\n\t\t\t\t<div class=\"elementor-widget-container\">\n\t\t\t\t\t<section class=\"widget-container aux-widget-recent-posts-timeline aux-column-post-entry aux-parent-au6a083009\"><div data-element-id=\"au6a083009\" class=\"aux-timeline aux-ajax-view aux-center\" data-layout=\"center\"><span class=\"aux-date-label\">Januar<\/span><div class=\"aux-block post-149\">\n                        <article class=\"post post-149 type-post status-publish format-standard has-post-thumbnail hentry category-friseur-muenster tag-friseur tag-muenster\">\n                                                        <div class=\"entry-media\"><div class=\"aux-media-frame aux-media-image aux-image-mask\"><a href=\"https:\/\/by-baroo.de\/?p=149\"><img decoding=\"async\" src=\"https:\/\/by-baroo.de\/wp-content\/uploads\/2026\/01\/pexels-nickoloui-1319458-1000x666.jpg\" class=\"aux-attachment aux-featured-image attachment-1000x750 aux-attachment-id-151 \" alt=\"pexels-nickoloui-1319458\" srcset=\"https:\/\/by-baroo.de\/wp-content\/uploads\/2026\/01\/pexels-nickoloui-1319458-150x100.jpg 150w,https:\/\/by-baroo.de\/wp-content\/uploads\/2026\/01\/pexels-nickoloui-1319458-300x200.jpg 300w,https:\/\/by-baroo.de\/wp-content\/uploads\/2026\/01\/pexels-nickoloui-1319458-768x512.jpg 768w,https:\/\/by-baroo.de\/wp-content\/uploads\/2026\/01\/pexels-nickoloui-1319458-1024x682.jpg 1024w,https:\/\/by-baroo.de\/wp-content\/uploads\/2026\/01\/pexels-nickoloui-1319458-1000x666.jpg 1000w,https:\/\/by-baroo.de\/wp-content\/uploads\/2026\/01\/pexels-nickoloui-1319458-1270x952.jpg 1270w\" data-ratio=\"1.33\" data-original-w=\"1280\" sizes=\"(max-width:479px) 480px,(max-width:767px) 768px,(max-width:1023px) 1024px,1000px\" \/><\/a><\/div><\/div>\n                            \n                            <div class=\"entry-main\">\n                                                        \n                                <header class=\"entry-header\">\n                                \n                                    <h4 class=\"entry-title\">\n                                        <a href=\"https:\/\/by-baroo.de\/?p=149\">\n                                            Friseur M\u00fcnster f\u00fcr M\u00e4nner: Warum Typberatung entscheidend ist                                        <\/a>\n                                    <\/h4>\n                                                                    <div class=\"entry-format\">\n                                        <a href=\"https:\/\/by-baroo.de\/?p=149\">\n                                            <div class=\"post-format format-\"> <\/div>\n                                        <\/a>\n                                    <\/div>\n                                <\/header>\n                                                            \n                                <div class=\"entry-info\">\n                                                                    <div class=\"entry-date\">\n                                        <a href=\"https:\/\/by-baroo.de\/?p=149\">\n                                            <time datetime=\"2026-01-14T10:48:47+01:00\" title=\"2026-01-14T10:48:47+01:00\" >14. Januar 2026<\/time>\n                                        <\/a>\n                                    <\/div>\n                                                                                                                                    <span class=\"entry-tax \">\n                                        <a href=\"https:\/\/by-baroo.de\/?cat=12\" title=\"View all posts in Friseur M\u00fcnster\" rel=\"category\" >Friseur M\u00fcnster<\/a>                                    <\/span>\n                                                                                                                                            <\/div>\n                            \n                                                            <div class=\"entry-content\">\n                                                                            <p>\nM\u00e4nnerhaarschnitte sind l\u00e4ngst mehr als kurz oder lang. Wer heute einen Friseur in M\u00fcnster f\u00fcr M\u00e4nner sucht, erwartet Individualit\u00e4t, Stil und professionelle B ...<\/p><div class=\"clear\"><\/div>                                <\/div>\n                                                                                        <footer class=\"entry-meta aux-after-content\">\n                                                                        <div class=\"readmore\">\n                                        <a href=\"https:\/\/by-baroo.de\/?p=149\" class=\"aux-read-more\"><span class=\"aux-read-more-text\">Read More<\/span><\/a>\n                                    <\/div>\n                                                                        <div class=\"comments-iconic\">\n                                        \t\t<div class=\"wpulike wpulike-heart aux-wpulike  aux-wpulike-widget\" ><div class=\"wp_ulike_general_class wp_ulike_is_restricted\"><button type=\"button\"\n\t\t\t\t\taria-label=\"Like Button\"\n\t\t\t\t\tdata-ulike-id=\"149\"\n\t\t\t\t\tdata-ulike-nonce=\"5be9f4d13a\"\n\t\t\t\t\tdata-ulike-type=\"post\"\n\t\t\t\t\tdata-ulike-template=\"wpulike-heart\"\n\t\t\t\t\tdata-ulike-display-likers=\"0\"\n\t\t\t\t\tdata-ulike-likers-style=\"popover\"\n\t\t\t\t\tclass=\"wp_ulike_btn wp_ulike_put_image wp_post_btn_149\"><\/button><span class=\"count-box wp_ulike_counter_up\" data-ulike-counter-value=\"0\"><\/span>\t\t\t<\/div><\/div>\n\t                                            <a href=\"https:\/\/by-baroo.de\/?p=149#comments\" class=\"meta-comment\" >\n                                                <span class=\"auxicon-comment\"><\/span><span class=\"comments-number\">0<\/span>\n                                            <\/a>\n                                                                            <\/div>\n                                                                    <\/footer>\n                            \n                            <\/div>\n\n                        <\/article>\n<\/div><div class=\"aux-block post-147\">\n                        <article class=\"post post-147 type-post status-publish format-standard has-post-thumbnail hentry category-friseur-muenster tag-friseur tag-muenster\">\n                                                        <div class=\"entry-media\"><div class=\"aux-media-frame aux-media-image aux-image-mask\"><a href=\"https:\/\/by-baroo.de\/?p=147\"><img decoding=\"async\" src=\"https:\/\/by-baroo.de\/wp-content\/uploads\/2026\/01\/pexels-mostafameraji-3037244-1000x666.jpg\" class=\"aux-attachment aux-featured-image attachment-1000x750 aux-attachment-id-152 \" alt=\"pexels-mostafameraji-3037244\" srcset=\"https:\/\/by-baroo.de\/wp-content\/uploads\/2026\/01\/pexels-mostafameraji-3037244-150x100.jpg 150w,https:\/\/by-baroo.de\/wp-content\/uploads\/2026\/01\/pexels-mostafameraji-3037244-300x200.jpg 300w,https:\/\/by-baroo.de\/wp-content\/uploads\/2026\/01\/pexels-mostafameraji-3037244-768x512.jpg 768w,https:\/\/by-baroo.de\/wp-content\/uploads\/2026\/01\/pexels-mostafameraji-3037244-1024x682.jpg 1024w,https:\/\/by-baroo.de\/wp-content\/uploads\/2026\/01\/pexels-mostafameraji-3037244-1000x666.jpg 1000w,https:\/\/by-baroo.de\/wp-content\/uploads\/2026\/01\/pexels-mostafameraji-3037244-1270x952.jpg 1270w\" data-ratio=\"1.33\" data-original-w=\"1280\" sizes=\"(max-width:479px) 480px,(max-width:767px) 768px,(max-width:1023px) 1024px,1000px\" \/><\/a><\/div><\/div>\n                            \n                            <div class=\"entry-main\">\n                                                        \n                                <header class=\"entry-header\">\n                                \n                                    <h4 class=\"entry-title\">\n                                        <a href=\"https:\/\/by-baroo.de\/?p=147\">\n                                            Friseur M\u00fcnster Innenstadt: Darauf solltest du wirklich achten                                        <\/a>\n                                    <\/h4>\n                                                                    <div class=\"entry-format\">\n                                        <a href=\"https:\/\/by-baroo.de\/?p=147\">\n                                            <div class=\"post-format format-\"> <\/div>\n                                        <\/a>\n                                    <\/div>\n                                <\/header>\n                                                            \n                                <div class=\"entry-info\">\n                                                                    <div class=\"entry-date\">\n                                        <a href=\"https:\/\/by-baroo.de\/?p=147\">\n                                            <time datetime=\"2026-01-14T10:48:00+01:00\" title=\"2026-01-14T10:48:00+01:00\" >14. Januar 2026<\/time>\n                                        <\/a>\n                                    <\/div>\n                                                                                                                                    <span class=\"entry-tax \">\n                                        <a href=\"https:\/\/by-baroo.de\/?cat=12\" title=\"View all posts in Friseur M\u00fcnster\" rel=\"category\" >Friseur M\u00fcnster<\/a>                                    <\/span>\n                                                                                                                                            <\/div>\n                            \n                                                            <div class=\"entry-content\">\n                                                                            <p>\nDie M\u00fcnsteraner Innenstadt bietet viele M\u00f6glichkeiten, wenn es um Friseure geht. Doch woran erkennt man einen wirklich guten Friseur in M\u00fcnster Innenstadt? Es  ...<\/p><div class=\"clear\"><\/div>                                <\/div>\n                                                                                        <footer class=\"entry-meta aux-after-content\">\n                                                                        <div class=\"readmore\">\n                                        <a href=\"https:\/\/by-baroo.de\/?p=147\" class=\"aux-read-more\"><span class=\"aux-read-more-text\">Read More<\/span><\/a>\n                                    <\/div>\n                                                                        <div class=\"comments-iconic\">\n                                        \t\t<div class=\"wpulike wpulike-heart aux-wpulike  aux-wpulike-widget\" ><div class=\"wp_ulike_general_class wp_ulike_is_restricted\"><button type=\"button\"\n\t\t\t\t\taria-label=\"Like Button\"\n\t\t\t\t\tdata-ulike-id=\"147\"\n\t\t\t\t\tdata-ulike-nonce=\"c170fbd9d9\"\n\t\t\t\t\tdata-ulike-type=\"post\"\n\t\t\t\t\tdata-ulike-template=\"wpulike-heart\"\n\t\t\t\t\tdata-ulike-display-likers=\"0\"\n\t\t\t\t\tdata-ulike-likers-style=\"popover\"\n\t\t\t\t\tclass=\"wp_ulike_btn wp_ulike_put_image wp_post_btn_147\"><\/button><span class=\"count-box wp_ulike_counter_up\" data-ulike-counter-value=\"0\"><\/span>\t\t\t<\/div><\/div>\n\t                                            <a href=\"https:\/\/by-baroo.de\/?p=147#comments\" class=\"meta-comment\" >\n                                                <span class=\"auxicon-comment\"><\/span><span class=\"comments-number\">0<\/span>\n                                            <\/a>\n                                                                            <\/div>\n                                                                    <\/footer>\n                            \n                            <\/div>\n\n                        <\/article>\n<\/div><span class=\"aux-date-label\">November<\/span><div class=\"aux-block post-43\">\n                        <article class=\"post post-43 type-post status-publish format-standard has-post-thumbnail hentry category-friseur-muenster tag-friseur tag-muenster\">\n                                                        <div class=\"entry-media\"><div class=\"aux-media-frame aux-media-image aux-image-mask\"><a href=\"https:\/\/by-baroo.de\/?p=43\"><img decoding=\"async\" src=\"https:\/\/by-baroo.de\/wp-content\/uploads\/2025\/11\/pexels-nickoloui-1319459-1-1000x666.jpg\" class=\"aux-attachment aux-featured-image attachment-1000x750 aux-attachment-id-153 \" alt=\"pexels-nickoloui-1319459 (1)\" srcset=\"https:\/\/by-baroo.de\/wp-content\/uploads\/2025\/11\/pexels-nickoloui-1319459-1-150x100.jpg 150w,https:\/\/by-baroo.de\/wp-content\/uploads\/2025\/11\/pexels-nickoloui-1319459-1-300x200.jpg 300w,https:\/\/by-baroo.de\/wp-content\/uploads\/2025\/11\/pexels-nickoloui-1319459-1-768x512.jpg 768w,https:\/\/by-baroo.de\/wp-content\/uploads\/2025\/11\/pexels-nickoloui-1319459-1-1024x682.jpg 1024w,https:\/\/by-baroo.de\/wp-content\/uploads\/2025\/11\/pexels-nickoloui-1319459-1-1000x666.jpg 1000w,https:\/\/by-baroo.de\/wp-content\/uploads\/2025\/11\/pexels-nickoloui-1319459-1-1270x952.jpg 1270w\" data-ratio=\"1.33\" data-original-w=\"1280\" sizes=\"(max-width:479px) 480px,(max-width:767px) 768px,(max-width:1023px) 1024px,1000px\" \/><\/a><\/div><\/div>\n                            \n                            <div class=\"entry-main\">\n                                                        \n                                <header class=\"entry-header\">\n                                \n                                    <h4 class=\"entry-title\">\n                                        <a href=\"https:\/\/by-baroo.de\/?p=43\">\n                                            Friseur M\u00fcnster: Warum dein Look mehr als nur ein Haarschnitt ist                                        <\/a>\n                                    <\/h4>\n                                                                    <div class=\"entry-format\">\n                                        <a href=\"https:\/\/by-baroo.de\/?p=43\">\n                                            <div class=\"post-format format-\"> <\/div>\n                                        <\/a>\n                                    <\/div>\n                                <\/header>\n                                                            \n                                <div class=\"entry-info\">\n                                                                    <div class=\"entry-date\">\n                                        <a href=\"https:\/\/by-baroo.de\/?p=43\">\n                                            <time datetime=\"2025-11-03T11:59:00+01:00\" title=\"2025-11-03T11:59:00+01:00\" >3. November 2025<\/time>\n                                        <\/a>\n                                    <\/div>\n                                                                                                                                    <span class=\"entry-tax \">\n                                        <a href=\"https:\/\/by-baroo.de\/?cat=12\" title=\"View all posts in Friseur M\u00fcnster\" rel=\"category\" >Friseur M\u00fcnster<\/a>                                    <\/span>\n                                                                                                                                            <\/div>\n                            \n                                                            <div class=\"entry-content\">\n                                                                            <p>\nWer nach einem Friseur in M\u00fcnster sucht, m\u00f6chte mehr als nur k\u00fcrzere Haare. Es geht um Ausstrahlung, Selbstbewusstsein und den ersten Eindruck. Ein guter Haars ...<\/p><div class=\"clear\"><\/div>                                <\/div>\n                                                                                        <footer class=\"entry-meta aux-after-content\">\n                                                                        <div class=\"readmore\">\n                                        <a href=\"https:\/\/by-baroo.de\/?p=43\" class=\"aux-read-more\"><span class=\"aux-read-more-text\">Read More<\/span><\/a>\n                                    <\/div>\n                                                                        <div class=\"comments-iconic\">\n                                        \t\t<div class=\"wpulike wpulike-heart aux-wpulike  aux-wpulike-widget\" ><div class=\"wp_ulike_general_class wp_ulike_is_restricted\"><button type=\"button\"\n\t\t\t\t\taria-label=\"Like Button\"\n\t\t\t\t\tdata-ulike-id=\"43\"\n\t\t\t\t\tdata-ulike-nonce=\"5759097548\"\n\t\t\t\t\tdata-ulike-type=\"post\"\n\t\t\t\t\tdata-ulike-template=\"wpulike-heart\"\n\t\t\t\t\tdata-ulike-display-likers=\"0\"\n\t\t\t\t\tdata-ulike-likers-style=\"popover\"\n\t\t\t\t\tclass=\"wp_ulike_btn wp_ulike_put_image wp_post_btn_43\"><\/button><span class=\"count-box wp_ulike_counter_up\" data-ulike-counter-value=\"0\"><\/span>\t\t\t<\/div><\/div>\n\t                                            <a href=\"https:\/\/by-baroo.de\/?p=43#comments\" class=\"meta-comment\" >\n                                                <span class=\"auxicon-comment\"><\/span><span class=\"comments-number\">3<\/span>\n                                            <\/a>\n                                                                            <\/div>\n                                                                    <\/footer>\n                            \n                            <\/div>\n\n                        <\/article>\n<\/div><\/div><\/section><!-- widget-container -->\t\t\t\t<\/div>\n\t\t\t\t<\/div>\n\t\t\t\t\t<\/div>\n\t\t\t\t<\/div>\n\t\t\t\t<\/div>\n\t\t","protected":false},"excerpt":{"rendered":"<p>Januar Friseur M\u00fcnster f\u00fcr M\u00e4nner: Warum Typberatung entscheidend ist 14. Januar 2026 Friseur M\u00fcnster | Edit M\u00e4nnerhaarschnitte sind l\u00e4ngst mehr als kurz oder lang. Wer heute einen Friseur in M\u00fcnster f\u00fcr M\u00e4nner sucht, erwartet Individualit\u00e4t, Stil und professionelle B &#8230; Read More 0 Friseur M\u00fcnster Innenstadt: Darauf solltest du wirklich achten 14. Januar 2026 Friseur [&hellip;]<\/p>\n","protected":false},"author":1,"featured_media":0,"parent":0,"menu_order":0,"comment_status":"closed","ping_status":"closed","template":"templates\/page-builder-content.php","meta":{"footnotes":""},"class_list":["post-130","page","type-page","status-publish","hentry"],"_links":{"self":[{"href":"https:\/\/by-baroo.de\/index.php?rest_route=\/wp\/v2\/pages\/130","targetHints":{"allow":["GET"]}}],"collection":[{"href":"https:\/\/by-baroo.de\/index.php?rest_route=\/wp\/v2\/pages"}],"about":[{"href":"https:\/\/by-baroo.de\/index.php?rest_route=\/wp\/v2\/types\/page"}],"author":[{"embeddable":true,"href":"https:\/\/by-baroo.de\/index.php?rest_route=\/wp\/v2\/users\/1"}],"replies":[{"embeddable":true,"href":"https:\/\/by-baroo.de\/index.php?rest_route=%2Fwp%2Fv2%2Fcomments&post=130"}],"version-history":[{"count":10,"href":"https:\/\/by-baroo.de\/index.php?rest_route=\/wp\/v2\/pages\/130\/revisions"}],"predecessor-version":[{"id":200,"href":"https:\/\/by-baroo.de\/index.php?rest_route=\/wp\/v2\/pages\/130\/revisions\/200"}],"wp:attachment":[{"href":"https:\/\/by-baroo.de\/index.php?rest_route=%2Fwp%2Fv2%2Fmedia&parent=130"}],"curies":[{"name":"wp","href":"https:\/\/api.w.org\/{rel}","templated":true}]}}